{"id":350,"date":"2021-02-05T14:00:33","date_gmt":"2021-02-05T14:00:33","guid":{"rendered":"http:\/\/www.antisistemas.com\/?page_id=350"},"modified":"2021-02-05T15:15:01","modified_gmt":"2021-02-05T15:15:01","slug":"fases","status":"publish","type":"page","link":"https:\/\/www.antisistemas.com\/index.php\/fases\/","title":{"rendered":"Fases"},"content":{"rendered":"\n<figure class=\"wp-block-image size-large\"><img loading=\"lazy\" decoding=\"async\" width=\"640\" height=\"426\" src=\"http:\/\/www.antisistemas.com\/wp-content\/uploads\/2021\/02\/sport-846052_640.jpg\" alt=\"\" class=\"wp-image-355\" srcset=\"https:\/\/www.antisistemas.com\/wp-content\/uploads\/2021\/02\/sport-846052_640.jpg 640w, https:\/\/www.antisistemas.com\/wp-content\/uploads\/2021\/02\/sport-846052_640-300x200.jpg 300w\" sizes=\"auto, (max-width: 640px) 100vw, 640px\" \/><\/figure>\n\n\n\n<p>Estableceremos la comunidad en distintas fases que se corresponder\u00e1n con el crecimiento de la aldea. La fase final ser\u00e1 el establecimiento definitivo y la capacidad para acoger a nuevos residentes.<\/p>\n\n\n\n<h2 class=\"wp-block-heading\">Fase 1 &#8211; B\u00fasqueda<\/h2>\n\n\n\n<p>La tarea b\u00e1sica es inspeccionar mapas de distintos lugares de Espa\u00f1a para localizar aldeas que re\u00fanan los requisitos b\u00e1sicos para ser rehabilitadas: Disponer de viviendas con estructuras aceptablemente conservadas, agua potable en las cercan\u00edas, terreno cultivable, etc.<\/p>\n\n\n\n<h2 class=\"wp-block-heading\">Fase 2 &#8211; Inspecci\u00f3n<\/h2>\n\n\n\n<p>Una o varias personas se encargar\u00e1n de ir a los lugares encontrados en la fase 1 para inspeccionarlos, fotografiarlos, detectar elementos de peligro, etc.<\/p>\n\n\n\n<h2 class=\"wp-block-heading\">Fase 3 &#8211; Elecci\u00f3n <\/h2>\n\n\n\n<p>Una vez obtenida la informaci\u00f3n de todos los lugares candidatos se procede a la elecci\u00f3n de los mejores lugares mediante votaci\u00f3n. Los inspeccionadores tendr\u00e1n voto doble puesto que han estado en esos lugares y su capacidad de elecci\u00f3n podr\u00eda ser mejor. Tras la elecci\u00f3n se obtendr\u00e1 una lista con los tres mejores lugares para poblar.<\/p>\n\n\n\n<h2 class=\"wp-block-heading\">Fase 4 &#8211; Primera ocupaci\u00f3n<\/h2>\n\n\n\n<p>Un grupo peque\u00f1o de m\u00e1s personas ir\u00e1n al lugar que ha quedado en primer puesto y vivir\u00e1n all\u00ed durante el tiempo necesario para confirmar que es un lugar adecuado. Si el lugar no es adecuado se abandonar\u00e1 y se ir\u00e1 al siguiente lugar, hasta dar con uno adecuado.<\/p>\n\n\n\n<h2 class=\"wp-block-heading\">Fase 5 &#8211; Segunda ocupaci\u00f3n<\/h2>\n\n\n\n<p>Si durante un mes se ha podido convivir sin excesivas complicaciones, el lugar quedar\u00e1 confirmado como el elegido para poblar y comenzar\u00e1n las tareas para cubrir las necesidades b\u00e1sicas a mayor escala. En esta fase pueden incorporarse m\u00e1s personas para colaborar en la reconstrucci\u00f3n y tareas necesarias. Se adquirir\u00e1n animales de granja, se acondicionar\u00e1 el huerto, se colocar\u00e1 una antena para redes m\u00f3viles si no hay cobertura, se instalar\u00e1n placas solares, se preparar\u00e1 la tienda de la comunidad, el lugar de primeros auxilios, etc. Este proceso no deber\u00eda de ocupar m\u00e1s de dos o tres meses quedando el huerto listo para la recogida de las primeras cosechas de tub\u00e9rculos y hortalizas.<\/p>\n\n\n\n<h2 class=\"wp-block-heading\">Fase 6 &#8211; Tercera ocupaci\u00f3n<\/h2>\n\n\n\n<p>En esta \u00faltima fase la aldea ya tendr\u00e1 disponible todas las necesidades b\u00e1sicas y la mayor\u00eda de las necesidades secundarias. Los principales trabajos estar\u00e1n realizados y se considerar\u00e1 un asentamiento estable. Se procurar\u00e1 la mayor autosuficiencia y se permitir\u00e1 la estancia de nuevas personas. Dispondremos de electricidad por energ\u00eda solar, internet, tienda para vender nuestros propios productos con moneda propia, biblioteca, etc. La cantidad necesaria de trabajo se reducir\u00e1 y tendremos tiempo para nuestro ocio personal y disfrute.<\/p>\n","protected":false},"excerpt":{"rendered":"<p>Estableceremos la comunidad en distintas fases que se corresponder\u00e1n con el crecimiento de la aldea. La fase final ser\u00e1 el establecimiento definitivo y la capacidad para acoger a nuevos residentes. Fase 1 &#8211; B\u00fasqueda La tarea b\u00e1sica es inspeccionar mapas de distintos lugares de Espa\u00f1a para localizar aldeas que re\u00fanan los requisitos b\u00e1sicos para ser [&hellip;]<\/p>\n","protected":false},"author":2,"featured_media":0,"parent":0,"menu_order":0,"comment_status":"closed","ping_status":"closed","template":"","meta":{"footnotes":""},"class_list":["post-350","page","type-page","status-publish","hentry","entry"],"_links":{"self":[{"href":"https:\/\/www.antisistemas.com\/index.php\/wp-json\/wp\/v2\/pages\/350","targetHints":{"allow":["GET"]}}],"collection":[{"href":"https:\/\/www.antisistemas.com\/index.php\/wp-json\/wp\/v2\/pages"}],"about":[{"href":"https:\/\/www.antisistemas.com\/index.php\/wp-json\/wp\/v2\/types\/page"}],"author":[{"embeddable":true,"href":"https:\/\/www.antisistemas.com\/index.php\/wp-json\/wp\/v2\/users\/2"}],"replies":[{"embeddable":true,"href":"https:\/\/www.antisistemas.com\/index.php\/wp-json\/wp\/v2\/comments?post=350"}],"version-history":[{"count":4,"href":"https:\/\/www.antisistemas.com\/index.php\/wp-json\/wp\/v2\/pages\/350\/revisions"}],"predecessor-version":[{"id":359,"href":"https:\/\/www.antisistemas.com\/index.php\/wp-json\/wp\/v2\/pages\/350\/revisions\/359"}],"wp:attachment":[{"href":"https:\/\/www.antisistemas.com\/index.php\/wp-json\/wp\/v2\/media?parent=350"}],"curies":[{"name":"wp","href":"https:\/\/api.w.org\/{rel}","templated":true}]}}