{"id":306,"date":"2021-01-21T14:54:35","date_gmt":"2021-01-21T14:54:35","guid":{"rendered":"http:\/\/www.antisistemas.com\/?page_id=306"},"modified":"2021-02-05T13:50:30","modified_gmt":"2021-02-05T13:50:30","slug":"requisitos","status":"publish","type":"page","link":"https:\/\/www.antisistemas.com\/index.php\/requisitos\/","title":{"rendered":"Requisitos"},"content":{"rendered":"\n<figure class=\"wp-block-image size-large\"><img loading=\"lazy\" decoding=\"async\" width=\"640\" height=\"527\" src=\"http:\/\/www.antisistemas.com\/wp-content\/uploads\/2021\/01\/chart-1036932_640.png\" alt=\"\" class=\"wp-image-320\" srcset=\"https:\/\/www.antisistemas.com\/wp-content\/uploads\/2021\/01\/chart-1036932_640.png 640w, https:\/\/www.antisistemas.com\/wp-content\/uploads\/2021\/01\/chart-1036932_640-300x247.png 300w\" sizes=\"auto, (max-width: 640px) 100vw, 640px\" \/><\/figure>\n\n\n\n<p>Para poder unirte y convivir con nosotros en el pueblo es necesario cubrir unas caracter\u00edsticas personales y materiales para evitar casos que puedan perjudicarte a ti misme o a la comunidad.<\/p>\n\n\n\n<h2 class=\"wp-block-heading\">Personales<\/h2>\n\n\n\n<p>\u2022 Estado de salud adecuado para la vida campestre.<\/p>\n\n\n\n<p>\u2022 Capacidad para realizar trabajos f\u00edsicos de esfuerzo moderado.<\/p>\n\n\n\n<p>\u2022 Car\u00e1cter amable y amistoso.<\/p>\n\n\n\n<p>\u2022 Puedes traer tus mascotas si no ponen en peligro el ecosistema ni hay riesgo de que se pierdan.<\/p>\n\n\n\n<h2 class=\"wp-block-heading\">Materiales<\/h2>\n\n\n\n<p>\u2022 Placas solares para tus aparatos el\u00e9ctricos.*<\/p>\n\n\n\n<p>\u2022 Camping gas, menaje y utensilios de cocina.<\/p>\n\n\n\n<p>\u2022 Recipientes para almacenar agua potable.<\/p>\n\n\n\n<p>\u2022 Tienda de campa\u00f1a y sac\u00f3 de dormir; Camper u otros medios para pernoctar.**<\/p>\n\n\n\n<p>\u2022 Walkies para comunicaciones locales.<\/p>\n\n\n\n<p>\u2022 Tu material de trabajo si piensas venir y teletrabajar.<\/p>\n\n\n\n<p>\u2022 Ropa y calzado adecuados para el campo.<\/p>\n\n\n\n<p>\u2022 Material de higiene personal.<\/p>\n\n\n\n<h2 class=\"wp-block-heading\">Apreciaremos que traigas***<\/h2>\n\n\n\n<p>\u2022 Libros para la biblioteca (agricultura, plantas medicinales, jardiner\u00eda&#8230;)<\/p>\n\n\n\n<p>\u2022 Herramientas (de construcci\u00f3n, reparaci\u00f3n, agricultura, jardiner\u00eda&#8230;)<\/p>\n\n\n\n<h2 class=\"wp-block-heading\">No necesitar\u00e1s <\/h2>\n\n\n\n<p>\u2022 Dinero.***<\/p>\n\n\n\n<p><\/p>\n\n\n\n<p>*Recomendamos traer el doble de lo que necesitas para tener repuestos y\/o compartir con la comunidad.<\/p>\n\n\n\n<p>**Solo de manera temporal mientras se acondiciona el lugar para la estancia permanente.<\/p>\n\n\n\n<p>***Una vez establecidos no har\u00e1 falta dinero porque usaremos nuestro propio sistema econ\u00f3mico pero antes si har\u00e1 falta para hacer compras en la localidad m\u00e1s cercana. Qui\u00e9n use dinero para la comunidad o traiga materiales para compartir ser\u00e1 compensade mediante por nuestro sistema econ\u00f3mico.<\/p>\n","protected":false},"excerpt":{"rendered":"<p>Para poder unirte y convivir con nosotros en el pueblo es necesario cubrir unas caracter\u00edsticas personales y materiales para evitar casos que puedan perjudicarte a ti misme o a la comunidad. Personales \u2022 Estado de salud adecuado para la vida campestre. \u2022 Capacidad para realizar trabajos f\u00edsicos de esfuerzo moderado. \u2022 Car\u00e1cter amable y amistoso. [&hellip;]<\/p>\n","protected":false},"author":2,"featured_media":0,"parent":0,"menu_order":0,"comment_status":"closed","ping_status":"closed","template":"","meta":{"footnotes":""},"class_list":["post-306","page","type-page","status-publish","hentry","entry"],"_links":{"self":[{"href":"https:\/\/www.antisistemas.com\/index.php\/wp-json\/wp\/v2\/pages\/306","targetHints":{"allow":["GET"]}}],"collection":[{"href":"https:\/\/www.antisistemas.com\/index.php\/wp-json\/wp\/v2\/pages"}],"about":[{"href":"https:\/\/www.antisistemas.com\/index.php\/wp-json\/wp\/v2\/types\/page"}],"author":[{"embeddable":true,"href":"https:\/\/www.antisistemas.com\/index.php\/wp-json\/wp\/v2\/users\/2"}],"replies":[{"embeddable":true,"href":"https:\/\/www.antisistemas.com\/index.php\/wp-json\/wp\/v2\/comments?post=306"}],"version-history":[{"count":6,"href":"https:\/\/www.antisistemas.com\/index.php\/wp-json\/wp\/v2\/pages\/306\/revisions"}],"predecessor-version":[{"id":360,"href":"https:\/\/www.antisistemas.com\/index.php\/wp-json\/wp\/v2\/pages\/306\/revisions\/360"}],"wp:attachment":[{"href":"https:\/\/www.antisistemas.com\/index.php\/wp-json\/wp\/v2\/media?parent=306"}],"curies":[{"name":"wp","href":"https:\/\/api.w.org\/{rel}","templated":true}]}}