{"id":12,"date":"2021-01-20T16:14:33","date_gmt":"2021-01-20T16:14:33","guid":{"rendered":"http:\/\/www.antisistemas.com\/?page_id=12"},"modified":"2021-03-02T15:54:22","modified_gmt":"2021-03-02T15:54:22","slug":"bienvenide","status":"publish","type":"page","link":"https:\/\/www.antisistemas.com\/","title":{"rendered":"Inicio"},"content":{"rendered":"\n<h2 class=\"wp-block-heading\">\u00bfY si habit\u00e1semos una aldea abandonada y estableci\u00e9semos nuestros propios sistemas pol\u00edtico, econ\u00f3mico, laboral&#8230;? \u00bfTe unir\u00edas?<\/h2>\n\n\n\n<h2 class=\"wp-block-heading\">\u00a1Bienvenide!<\/h2>\n\n\n\n<figure class=\"wp-block-image alignwide size-large\"><img loading=\"lazy\" decoding=\"async\" width=\"1024\" height=\"391\" src=\"http:\/\/www.antisistemas.com\/wp-content\/uploads\/2021\/01\/fist-424500_1280-1-1024x391.jpg\" alt=\"\" class=\"wp-image-54\" title=\"Manos arriba\" srcset=\"https:\/\/www.antisistemas.com\/wp-content\/uploads\/2021\/01\/fist-424500_1280-1-1024x391.jpg 1024w, https:\/\/www.antisistemas.com\/wp-content\/uploads\/2021\/01\/fist-424500_1280-1-300x114.jpg 300w, https:\/\/www.antisistemas.com\/wp-content\/uploads\/2021\/01\/fist-424500_1280-1-768x293.jpg 768w, https:\/\/www.antisistemas.com\/wp-content\/uploads\/2021\/01\/fist-424500_1280-1.jpg 1248w\" sizes=\"auto, (max-width: 1024px) 100vw, 1024px\" \/><\/figure>\n\n\n\n<p>\u00bfPor qu\u00e9 existen millones de personas clasificadas de &#8220;antisistema&#8221; a lo largo de todo el mundo? La respuesta es muy sencilla: los sistemas establecidos nos hacen sufrir, ya sea a trav\u00e9s de empleos explotadores, la esquilmaci\u00f3n de bienes por impuestos abusivos, la educaci\u00f3n dise\u00f1ada para domesticar m\u00e1s que para culturizar, etc. Realmente la palabra antisistema s\u00f3lo puede usarse entrecomillada, porque la \u00fanica forma de salir de un sistema opresivo es creando sistemas alternativos que nos satisfagan como seres humanos en lugar de ser meras piezas en la maquinaria socioecon\u00f3mica.<br><br>En este sitio proponemos el debate sobre sistemas alternativos que sustituyan a los actuales por otros mejorados y acordes con los deseos y aspiraciones de la humanidad en general, siendo as\u00ed es inadecuado clasificarnos como antisistemas, m\u00e1s bien somos prosistemas, aunque de forma peyorativa los beneficiados por los sistemas opresores actuales nos quieran clasificar de la manera que m\u00e1s conveniente les resulta para seguir manteniendo su egemon\u00eda.<br><br>Las alternativas viables a los sistemas actuales, ya sea econ\u00f3mico, laboral, educativo, pol\u00edtico o cualquier otro que tengan posibilidades de poder llevarse a cabo de manera realista son bien acogidas en este lugar y queremos ofrecer el entorno y los medios necesarios para debatirlos, ponerlos en marcha, probarlos e incluso implantarlos si con ello se consigue un bienestar general mayor que el que proporcionan los sistemas actuales.<br><br>Chatea por texto y voz en nuestro grupo de Telegram: @ANTISISTEMAS<\/p>\n\n\n\n<p><\/p>\n\n\n\n<p><\/p>\n","protected":false},"excerpt":{"rendered":"<p>\u00bfY si habit\u00e1semos una aldea abandonada y estableci\u00e9semos nuestros propios sistemas pol\u00edtico, econ\u00f3mico, laboral&#8230;? \u00bfTe unir\u00edas? \u00a1Bienvenide! \u00bfPor qu\u00e9 existen millones de personas clasificadas de &#8220;antisistema&#8221; a lo largo de todo el mundo? La respuesta es muy sencilla: los sistemas establecidos nos hacen sufrir, ya sea a trav\u00e9s de empleos explotadores, la esquilmaci\u00f3n de bienes [&hellip;]<\/p>\n","protected":false},"author":2,"featured_media":302,"parent":0,"menu_order":0,"comment_status":"closed","ping_status":"closed","template":"","meta":{"footnotes":""},"class_list":["post-12","page","type-page","status-publish","has-post-thumbnail","hentry","entry","has-media"],"_links":{"self":[{"href":"https:\/\/www.antisistemas.com\/index.php\/wp-json\/wp\/v2\/pages\/12","targetHints":{"allow":["GET"]}}],"collection":[{"href":"https:\/\/www.antisistemas.com\/index.php\/wp-json\/wp\/v2\/pages"}],"about":[{"href":"https:\/\/www.antisistemas.com\/index.php\/wp-json\/wp\/v2\/types\/page"}],"author":[{"embeddable":true,"href":"https:\/\/www.antisistemas.com\/index.php\/wp-json\/wp\/v2\/users\/2"}],"replies":[{"embeddable":true,"href":"https:\/\/www.antisistemas.com\/index.php\/wp-json\/wp\/v2\/comments?post=12"}],"version-history":[{"count":14,"href":"https:\/\/www.antisistemas.com\/index.php\/wp-json\/wp\/v2\/pages\/12\/revisions"}],"predecessor-version":[{"id":368,"href":"https:\/\/www.antisistemas.com\/index.php\/wp-json\/wp\/v2\/pages\/12\/revisions\/368"}],"wp:featuredmedia":[{"embeddable":true,"href":"https:\/\/www.antisistemas.com\/index.php\/wp-json\/wp\/v2\/media\/302"}],"wp:attachment":[{"href":"https:\/\/www.antisistemas.com\/index.php\/wp-json\/wp\/v2\/media?parent=12"}],"curies":[{"name":"wp","href":"https:\/\/api.w.org\/{rel}","templated":true}]}}